{"id":1334,"date":"2016-03-02T02:05:01","date_gmt":"2016-03-02T01:05:01","guid":{"rendered":"http:\/\/www.rosauraterrades.cat\/?page_id=1334"},"modified":"2026-05-05T08:06:09","modified_gmt":"2026-05-05T06:06:09","slug":"documentacion","status":"publish","type":"page","link":"https:\/\/www.rosauraterrades.cat\/es\/la-escuela\/documentacion\/","title":{"rendered":"Documentaci\u00f3n"},"content":{"rendered":"<div id=\"pl-1334\"  class=\"panel-layout\" ><div id=\"pg-1334-0\"  class=\"panel-grid panel-has-style\" ><div class=\"encabezado siteorigin-panels-stretch panel-row-style panel-row-style-for-1334-0\" data-stretch-type=\"full-width-stretch\" ><div id=\"pgc-1334-0-0\"  class=\"panel-grid-cell\" ><div id=\"panel-1334-0-0-0\" class=\"so-panel widget_sow-hero panel-first-child panel-last-child\" data-index=\"0\" ><div\n\t\t\t\n\t\t\tclass=\"so-widget-sow-hero so-widget-sow-hero-default-3494c14c9954-1334 so-widget-fittext-wrapper\"\n\t\t\t data-fit-text-compressor=\"0.85\"\n\t\t>\t\t\t\t<div class=\"sow-slider-base\" style=\"display: none\" tabindex=\"0\">\n\t\t\t\t\t<ul\n\t\t\t\t\tclass=\"sow-slider-images\"\n\t\t\t\t\tdata-settings=\"{&quot;pagination&quot;:true,&quot;speed&quot;:800,&quot;timeout&quot;:8000,&quot;paused&quot;:false,&quot;pause_on_hover&quot;:false,&quot;swipe&quot;:true,&quot;nav_always_show_desktop&quot;:&quot;&quot;,&quot;nav_always_show_mobile&quot;:&quot;&quot;,&quot;breakpoint&quot;:&quot;780px&quot;,&quot;unmute&quot;:false,&quot;anchor&quot;:null}\"\n\t\t\t\t\t\t\t\t\t\tdata-anchor-id=\"\"\n\t\t\t\t>\t\t<li class=\"sow-slider-image  sow-slider-image-cover\" style=\"visibility: visible;;background-color: #000000\" >\n\t\t\t\t\t<div class=\"sow-slider-image-container\">\n\t\t\t<div class=\"sow-slider-image-wrapper\">\n\t\t\t\t<h1 style=\"text-align: center\">Documentaci\u00f3n<\/h1>\n\t\t\t<\/div>\n\t\t<\/div>\n\t\t<div class=\"sow-slider-image-overlay sow-slider-image-cover\" style=\"opacity: 0.8;background-image: url(https:\/\/www.rosauraterrades.cat\/wp-content\/uploads\/documentacio-foto-principal.jpg.jpg)\"  ><\/div>\t\t<\/li>\n\t\t<\/ul>\t\t\t\t<ol class=\"sow-slider-pagination\">\n\t\t\t\t\t\t\t\t\t\t\t<li><a href=\"#\" data-goto=\"0\" aria-label=\"mostrar diapositiva 1\"><\/a><\/li>\n\t\t\t\t\t\t\t\t\t<\/ol>\n\n\t\t\t\t<div class=\"sow-slide-nav sow-slide-nav-next\">\n\t\t\t\t\t<a href=\"#\" data-goto=\"next\" aria-label=\"diapositiva siguiente\" data-action=\"next\">\n\t\t\t\t\t\t<em class=\"sow-sld-icon-thin-right\"><\/em>\n\t\t\t\t\t<\/a>\n\t\t\t\t<\/div>\n\n\t\t\t\t<div class=\"sow-slide-nav sow-slide-nav-prev\">\n\t\t\t\t\t<a href=\"#\" data-goto=\"previous\" aria-label=\"diapositiva anterior\" data-action=\"prev\">\n\t\t\t\t\t\t<em class=\"sow-sld-icon-thin-left\"><\/em>\n\t\t\t\t\t<\/a>\n\t\t\t\t<\/div>\n\t\t\t\t<\/div><\/div><\/div><\/div><\/div><\/div><div id=\"pg-1334-1\"  class=\"panel-grid panel-no-style\" ><div id=\"pgc-1334-1-0\"  class=\"panel-grid-cell\" ><div id=\"panel-1334-1-0-0\" class=\"so-panel widget_sow-editor panel-first-child panel-last-child\" data-index=\"1\" ><div\n\t\t\t\n\t\t\tclass=\"so-widget-sow-editor so-widget-sow-editor-base\"\n\t\t\t\n\t\t>\n<div class=\"siteorigin-widget-tinymce textwidget\">\n\t<h2>Proyecto<\/h2>\n<p>Descarga el <a href=\"\/wp-content\/uploads\/rt-documentacio-curs-26-27-info-projecte.pdf\" target=\"_blank\" rel=\"noopener noreferrer\">proyecto (cat)<\/a><\/p>\n<h2>Normas de organizaci\u00f3n y funcionamiento<\/h2>\n<p>Descarga el <a href=\"\/wp-content\/uploads\/rt-documentacio-curs-25-26-normes.pdf\" target=\"_blank\" rel=\"noopener noreferrer\">documento (cat)<\/a><\/p>\n<h2>Proyecto ling\u00fcistico<\/h2>\n<p>Descarga el <a href=\"\/wp-content\/uploads\/rt-documentacio-projecte-linguistic-febrer-2019.pdf\" target=\"_blank\" rel=\"noopener noreferrer\">proyecto (cat)<\/a><\/p>\n<h2>Carta de compromiso<\/h2>\n<p>Descarga la <a href=\"\/wp-content\/uploads\/rt-documentacio-carta-compromis.pdf\" target=\"_blank\" rel=\"noopener noreferrer\">carta de\u00a0compromiso (cat)<\/a><\/p>\n<h2>Calendario escolar<\/h2>\n<p>Descarga\u00a0el <a href=\"\/wp-content\/uploads\/rt-documentacio-curs-25-26-calendari.pdf\" target=\"_blank\" rel=\"noopener noreferrer\">calendario escolar (cat)<\/a><\/p>\n<h2>Comedor<\/h2>\n<p>Descarga\u00a0el <a href=\"\/wp-content\/uploads\/rt-documentacio-curs-25-26-menu.pdf\" target=\"_blank\" rel=\"noopener noreferrer\">men\u00fa (cat)<\/a><\/p>\n<h2>Programaci\u00f3n anual educativa<\/h2>\n<p>Descarga el <a href=\"\/wp-content\/uploads\/rt-documentacio-curs-24-25-programacio-families.pdf\" target=\"_blank\" rel=\"noopener noreferrer\">cuadro de programaci\u00f3n (cat)<\/a><\/p>\n<h2>Circulares<\/h2>\n<p>No tenemos ninguna circular disponible<\/p>\n<h2>Otros<\/h2>\n<p>Descarga el <a href=\"\/wp-content\/uploads\/rt-documentacio-curs-23-24-info-projecte.pdf\" target=\"_blank\" rel=\"noopener noreferrer\">d\u00edptico informativo del centro (cat)<\/a><br \/>\nDescarga la <a href=\"\/wp-content\/uploads\/rt-documentacio-informacio-proces-acollida.pdf\" target=\"_blank\" rel=\"noopener noreferrer\">informaci\u00f3n y consejos sobre el proceso de familiarizaci\u00f3n (cat)<\/a><\/p>\n<\/div>\n<\/div><\/div><\/div><\/div><\/div>","protected":false},"excerpt":{"rendered":"<p>Proyecto Descarga el proyecto (cat) Normas de organizaci\u00f3n y funcionamiento Descarga el documento (cat) Proyecto ling\u00fcistico Descarga el proyecto (cat) Carta de compromiso Descarga la carta de\u00a0compromiso (cat) Calendario escolar Descarga\u00a0el calendario escolar (cat) Comedor Descarga\u00a0el men\u00fa (cat) Programaci\u00f3n anual educativa Descarga el cuadro de programaci\u00f3n (cat) Circulares No tenemos ninguna circular disponible Otros Descarga &#8230; <a title=\"Documentaci\u00f3n\" class=\"read-more\" href=\"https:\/\/www.rosauraterrades.cat\/es\/la-escuela\/documentacion\/\" aria-label=\"Leer m\u00e1s sobre Documentaci\u00f3n\">Llegir m\u00e9s<\/a><\/p>\n","protected":false},"author":3,"featured_media":0,"parent":1276,"menu_order":5,"comment_status":"closed","ping_status":"closed","template":"","meta":{"_acf_changed":false,"footnotes":""},"class_list":["post-1334","page","type-page","status-publish"],"acf":[],"_links":{"self":[{"href":"https:\/\/www.rosauraterrades.cat\/es\/wp-json\/wp\/v2\/pages\/1334","targetHints":{"allow":["GET"]}}],"collection":[{"href":"https:\/\/www.rosauraterrades.cat\/es\/wp-json\/wp\/v2\/pages"}],"about":[{"href":"https:\/\/www.rosauraterrades.cat\/es\/wp-json\/wp\/v2\/types\/page"}],"author":[{"embeddable":true,"href":"https:\/\/www.rosauraterrades.cat\/es\/wp-json\/wp\/v2\/users\/3"}],"replies":[{"embeddable":true,"href":"https:\/\/www.rosauraterrades.cat\/es\/wp-json\/wp\/v2\/comments?post=1334"}],"version-history":[{"count":4,"href":"https:\/\/www.rosauraterrades.cat\/es\/wp-json\/wp\/v2\/pages\/1334\/revisions"}],"predecessor-version":[{"id":13169,"href":"https:\/\/www.rosauraterrades.cat\/es\/wp-json\/wp\/v2\/pages\/1334\/revisions\/13169"}],"up":[{"embeddable":true,"href":"https:\/\/www.rosauraterrades.cat\/es\/wp-json\/wp\/v2\/pages\/1276"}],"wp:attachment":[{"href":"https:\/\/www.rosauraterrades.cat\/es\/wp-json\/wp\/v2\/media?parent=1334"}],"curies":[{"name":"wp","href":"https:\/\/api.w.org\/{rel}","templated":true}]}}