{"id":1283,"date":"2016-03-02T01:58:49","date_gmt":"2016-03-02T00:58:49","guid":{"rendered":"http:\/\/www.rosauraterrades.cat\/?page_id=1283"},"modified":"2022-03-01T10:39:59","modified_gmt":"2022-03-01T09:39:59","slug":"quienes-somos","status":"publish","type":"page","link":"https:\/\/www.rosauraterrades.cat\/es\/la-escuela\/quienes-somos\/","title":{"rendered":"Quienes somos"},"content":{"rendered":"<div id=\"pl-1283\"  class=\"panel-layout\" ><div id=\"pg-1283-0\"  class=\"panel-grid panel-has-style\" ><div class=\"encabezado siteorigin-panels-stretch panel-row-style panel-row-style-for-1283-0\" data-stretch-type=\"full-stretched\" ><div id=\"pgc-1283-0-0\"  class=\"panel-grid-cell\" ><div id=\"panel-1283-0-0-0\" class=\"so-panel widget_sow-hero panel-first-child panel-last-child\" data-index=\"0\" ><div\n\t\t\t\n\t\t\tclass=\"so-widget-sow-hero so-widget-sow-hero-default-3494c14c9954-1283 so-widget-fittext-wrapper\"\n\t\t\t data-fit-text-compressor=\"0.85\"\n\t\t>\t\t\t\t<div class=\"sow-slider-base\" style=\"display: none\" tabindex=\"0\">\n\t\t\t\t\t<ul\n\t\t\t\t\tclass=\"sow-slider-images\"\n\t\t\t\t\tdata-settings=\"{&quot;pagination&quot;:true,&quot;speed&quot;:800,&quot;timeout&quot;:8000,&quot;paused&quot;:false,&quot;pause_on_hover&quot;:false,&quot;swipe&quot;:true,&quot;nav_always_show_desktop&quot;:&quot;&quot;,&quot;nav_always_show_mobile&quot;:&quot;&quot;,&quot;breakpoint&quot;:&quot;780px&quot;,&quot;unmute&quot;:false,&quot;anchor&quot;:null}\"\n\t\t\t\t\t\t\t\t\t\tdata-anchor-id=\"\"\n\t\t\t\t>\t\t<li class=\"sow-slider-image  sow-slider-image-cover\" style=\"visibility: visible;;background-color: #000000\" >\n\t\t\t\t\t<div class=\"sow-slider-image-container\">\n\t\t\t<div class=\"sow-slider-image-wrapper\">\n\t\t\t\t<h1 style=\"text-align: center\">\u00bfQui\u00e9nes somos?<\/h1>\n\t\t\t<\/div>\n\t\t<\/div>\n\t\t<div class=\"sow-slider-image-overlay sow-slider-image-cover\" style=\"opacity: 0.8;background-image: url(https:\/\/www.rosauraterrades.cat\/wp-content\/uploads\/slider-quisom-1.jpg)\"  ><\/div>\t\t<\/li>\n\t\t<\/ul>\t\t\t\t<ol class=\"sow-slider-pagination\">\n\t\t\t\t\t\t\t\t\t\t\t<li><a href=\"#\" data-goto=\"0\" aria-label=\"mostrar diapositiva 1\"><\/a><\/li>\n\t\t\t\t\t\t\t\t\t<\/ol>\n\n\t\t\t\t<div class=\"sow-slide-nav sow-slide-nav-next\">\n\t\t\t\t\t<a href=\"#\" data-goto=\"next\" aria-label=\"diapositiva siguiente\" data-action=\"next\">\n\t\t\t\t\t\t<em class=\"sow-sld-icon-thin-right\"><\/em>\n\t\t\t\t\t<\/a>\n\t\t\t\t<\/div>\n\n\t\t\t\t<div class=\"sow-slide-nav sow-slide-nav-prev\">\n\t\t\t\t\t<a href=\"#\" data-goto=\"previous\" aria-label=\"diapositiva anterior\" data-action=\"prev\">\n\t\t\t\t\t\t<em class=\"sow-sld-icon-thin-left\"><\/em>\n\t\t\t\t\t<\/a>\n\t\t\t\t<\/div>\n\t\t\t\t<\/div><\/div><\/div><\/div><\/div><\/div><div id=\"pg-1283-1\"  class=\"panel-grid panel-has-style\" ><div class=\"panel-row-style panel-row-style-for-1283-1\" ><div id=\"pgc-1283-1-0\"  class=\"panel-grid-cell\" ><div id=\"panel-1283-1-0-0\" class=\"so-panel widget_sow-editor panel-first-child panel-last-child\" data-index=\"1\" ><div\n\t\t\t\n\t\t\tclass=\"so-widget-sow-editor so-widget-sow-editor-base\"\n\t\t\t\n\t\t>\n<div class=\"siteorigin-widget-tinymce textwidget\">\n\t<p>&nbsp;<\/p>\n<h2>Nuestro equipo<\/h2>\n<p>Nuestra escuela tiene un equipo formado por:<\/p>\n<ul>\n<li>1 directora<\/li>\n<li>12 educadoras<\/li>\n<li>1 cocinera<\/li>\n<li>4 laborables<\/li>\n<li>1 auxiliar de mantenimiento<\/li>\n<\/ul>\n<p>Un pilar fundamental para garantizar la m\u00e1xima calidad educativa, es trabajar en red con los servicios educativos de la zona: Servicios Comunitarios de los Ayuntamientos y con los otros Centros Educativos de la Zona.<\/p>\n<p>En la franja horaria del mediod\u00eda hay 5 monitoras que nos apoyan a la hora de las comidas y de la siesta.<\/p>\n<\/div>\n<\/div><\/div><\/div><\/div><\/div><div id=\"pg-1283-2\"  class=\"panel-grid panel-has-style\" ><div class=\"siteorigin-panels-stretch panel-row-style panel-row-style-for-1283-2\" data-stretch-type=\"full\" ><div id=\"pgc-1283-2-0\"  class=\"panel-grid-cell\" ><div id=\"panel-1283-2-0-0\" class=\"so-panel widget_sow-editor panel-first-child panel-last-child\" data-index=\"2\" ><div\n\t\t\t\n\t\t\tclass=\"so-widget-sow-editor so-widget-sow-editor-base\"\n\t\t\t\n\t\t>\n<div class=\"siteorigin-widget-tinymce textwidget\">\n\t<h2>Consejo Escolar<\/h2>\n<p>El Consejo Escolar es el \u00f3rgano de participaci\u00f3n de la Comunidad Educativa en los Centros Educativos.<\/p>\n<p>El Consejo Escolar cumple las funciones que tiene atribuidas por ley para facilitar el conocimiento rec\u00edproco y la cooperaci\u00f3n entre todos los diferentes estamentos que integran la Comunidad Educativa.<\/p>\n<p>Este, se renueva parcialmente cada dos a\u00f1os. Cada grupo que forma la Comunidad Educativa elige sus representantes mediante elecciones democr\u00e1ticas.<\/p>\n<\/div>\n<\/div><\/div><\/div><\/div><\/div><div id=\"pg-1283-3\"  class=\"panel-grid panel-has-style\" ><div class=\"panel-row-style panel-row-style-for-1283-3\" ><div id=\"pgc-1283-3-0\"  class=\"panel-grid-cell\" ><div id=\"panel-1283-3-0-0\" class=\"so-panel widget_sow-editor panel-first-child panel-last-child\" data-index=\"3\" ><div\n\t\t\t\n\t\t\tclass=\"so-widget-sow-editor so-widget-sow-editor-base\"\n\t\t\t\n\t\t>\n<div class=\"siteorigin-widget-tinymce textwidget\">\n\t<p>&nbsp;<\/p>\n<h2>AMPA<\/h2>\n<p>El AMPA de la Llar d\u2019Infants Rosaura Terrades se constituy\u00f3 en el a\u00f1o 1989, a lo largo de todo este tiempo el hito de nuestra Comunidad Educativa ha sido fomentar la participaci\u00f3n de todos sus miembros.<\/p>\n<p>A\u00f1o tras a\u00f1o hemos ido creciendo juntos, construyendo un mont\u00f3n de experiencias y actividades que dan respuestas a las necesidades de los ni\u00f1os y de sus familias.<\/p>\n<p>Para m\u00e1s informaci\u00f3n <a href=\"mailto:amparosauraterrades@gmail.com\">amparosauraterrades@gmail.com<\/a><\/p>\n<\/div>\n<\/div><\/div><\/div><\/div><\/div><\/div>","protected":false},"excerpt":{"rendered":"<p>&nbsp; Nuestro equipo Nuestra escuela tiene un equipo formado por: 1 directora 12 educadoras 1 cocinera 4 laborables 1 auxiliar de mantenimiento Un pilar fundamental para garantizar la m\u00e1xima calidad educativa, es trabajar en red con los servicios educativos de la zona: Servicios Comunitarios de los Ayuntamientos y con los otros Centros Educativos de la &#8230; <a title=\"Quienes somos\" class=\"read-more\" href=\"https:\/\/www.rosauraterrades.cat\/es\/la-escuela\/quienes-somos\/\" aria-label=\"Leer m\u00e1s sobre Quienes somos\">Llegir m\u00e9s<\/a><\/p>\n","protected":false},"author":3,"featured_media":0,"parent":1276,"menu_order":1,"comment_status":"closed","ping_status":"closed","template":"","meta":{"_acf_changed":false,"footnotes":""},"class_list":["post-1283","page","type-page","status-publish"],"acf":[],"_links":{"self":[{"href":"https:\/\/www.rosauraterrades.cat\/es\/wp-json\/wp\/v2\/pages\/1283","targetHints":{"allow":["GET"]}}],"collection":[{"href":"https:\/\/www.rosauraterrades.cat\/es\/wp-json\/wp\/v2\/pages"}],"about":[{"href":"https:\/\/www.rosauraterrades.cat\/es\/wp-json\/wp\/v2\/types\/page"}],"author":[{"embeddable":true,"href":"https:\/\/www.rosauraterrades.cat\/es\/wp-json\/wp\/v2\/users\/3"}],"replies":[{"embeddable":true,"href":"https:\/\/www.rosauraterrades.cat\/es\/wp-json\/wp\/v2\/comments?post=1283"}],"version-history":[{"count":11,"href":"https:\/\/www.rosauraterrades.cat\/es\/wp-json\/wp\/v2\/pages\/1283\/revisions"}],"predecessor-version":[{"id":1372,"href":"https:\/\/www.rosauraterrades.cat\/es\/wp-json\/wp\/v2\/pages\/1283\/revisions\/1372"}],"up":[{"embeddable":true,"href":"https:\/\/www.rosauraterrades.cat\/es\/wp-json\/wp\/v2\/pages\/1276"}],"wp:attachment":[{"href":"https:\/\/www.rosauraterrades.cat\/es\/wp-json\/wp\/v2\/media?parent=1283"}],"curies":[{"name":"wp","href":"https:\/\/api.w.org\/{rel}","templated":true}]}}